{"id":93,"date":"2021-05-26T10:12:04","date_gmt":"2021-05-26T08:12:04","guid":{"rendered":"https:\/\/www.omb-automation.com\/?page_id=93"},"modified":"2021-05-26T10:12:04","modified_gmt":"2021-05-26T08:12:04","slug":"konstruktion","status":"publish","type":"page","link":"https:\/\/www.omb-automation.com\/?page_id=93","title":{"rendered":"Konstruktion"},"content":{"rendered":"\n\t\t\t\t\n<p>Unsere Kunden unterst\u00fctzen wir gerne bei der Konstruktion von<\/p>\n\n\n\n<ul class=\"wp-block-list\"><li>Vorrichtungen<\/li><li>Robotergreifern<\/li><li>Bauteilen f\u00fcr 3D-Druck<\/li><li>Pneumatik<\/li><li>Platinenauslegung und Layouting<\/li><\/ul>\n\n\n\n<p>Unsere innovativen Ideen f\u00fcr 3D gedruckte Bauteile entstehen oft aus der Notwendigkeit auf beengtem Bauraum Standardkomponenten zu ersetzen.<\/p>\n\t\t","protected":false},"excerpt":{"rendered":"<p>Unsere Kunden unterst\u00fctzen wir gerne bei der Konstruktion von Vorrichtungen Robotergreifern Bauteilen f\u00fcr 3D-Druck Pneumatik Platinenauslegung und Layouting Unsere innovativen Ideen f\u00fcr 3D gedruckte Bauteile entstehen oft aus der Notwendigkeit auf beengtem Bauraum Standardkomponenten zu ersetzen.<\/p>\n","protected":false},"author":2,"featured_media":0,"parent":11,"menu_order":1,"comment_status":"closed","ping_status":"closed","template":"page-templates\/front-page.php","meta":{"footnotes":""},"class_list":["post-93","page","type-page","status-publish","hentry"],"_links":{"self":[{"href":"https:\/\/www.omb-automation.com\/index.php?rest_route=\/wp\/v2\/pages\/93","targetHints":{"allow":["GET"]}}],"collection":[{"href":"https:\/\/www.omb-automation.com\/index.php?rest_route=\/wp\/v2\/pages"}],"about":[{"href":"https:\/\/www.omb-automation.com\/index.php?rest_route=\/wp\/v2\/types\/page"}],"author":[{"embeddable":true,"href":"https:\/\/www.omb-automation.com\/index.php?rest_route=\/wp\/v2\/users\/2"}],"replies":[{"embeddable":true,"href":"https:\/\/www.omb-automation.com\/index.php?rest_route=%2Fwp%2Fv2%2Fcomments&post=93"}],"version-history":[{"count":0,"href":"https:\/\/www.omb-automation.com\/index.php?rest_route=\/wp\/v2\/pages\/93\/revisions"}],"up":[{"embeddable":true,"href":"https:\/\/www.omb-automation.com\/index.php?rest_route=\/wp\/v2\/pages\/11"}],"wp:attachment":[{"href":"https:\/\/www.omb-automation.com\/index.php?rest_route=%2Fwp%2Fv2%2Fmedia&parent=93"}],"curies":[{"name":"wp","href":"https:\/\/api.w.org\/{rel}","templated":true}]}}