{"id":67,"date":"2021-05-26T08:56:06","date_gmt":"2021-05-26T06:56:06","guid":{"rendered":"https:\/\/www.omb-automation.com\/?page_id=67"},"modified":"2021-05-26T08:56:06","modified_gmt":"2021-05-26T06:56:06","slug":"3d-druck","status":"publish","type":"page","link":"https:\/\/www.omb-automation.com\/?page_id=67","title":{"rendered":"3D Druck"},"content":{"rendered":"\n\t\t\t\t\n<p>Seit \u00fcber 7 Jahren nutzen wir f\u00fcr uns und unsere Kunden 3D Druck und sind mittlerweile Experten f\u00fcr die Verfahren FDM und SLA.<\/p>\n\n\n\n<p>Prototypen und Kleinserien k\u00f6nnen wir auf unseren Druckern schnell und unkompliziert herstellen.<\/p>\n\n\n\n<p>Die Verarbeitung von ABS, PLA, ASA, PETG, TPU und auch von mit Kohlefaser verst\u00e4rkten Materialien stellt f\u00fcr uns kein Problem dar. Eine gro\u00dfe Auswahl an Filamenten haben wir zur st\u00e4ndigen Verf\u00fcgung.<\/p>\n\t\t","protected":false},"excerpt":{"rendered":"<p>Seit \u00fcber 7 Jahren nutzen wir f\u00fcr uns und unsere Kunden 3D Druck und sind mittlerweile Experten f\u00fcr die Verfahren FDM und SLA. Prototypen und Kleinserien k\u00f6nnen wir auf unseren Druckern schnell und unkompliziert herstellen. Die Verarbeitung von ABS, PLA, ASA, PETG, TPU und auch von mit Kohlefaser verst\u00e4rkten Materialien stellt f\u00fcr uns kein Problem [&hellip;]<\/p>\n","protected":false},"author":2,"featured_media":0,"parent":11,"menu_order":3,"comment_status":"closed","ping_status":"closed","template":"page-templates\/front-page.php","meta":{"footnotes":""},"class_list":["post-67","page","type-page","status-publish","hentry"],"_links":{"self":[{"href":"https:\/\/www.omb-automation.com\/index.php?rest_route=\/wp\/v2\/pages\/67","targetHints":{"allow":["GET"]}}],"collection":[{"href":"https:\/\/www.omb-automation.com\/index.php?rest_route=\/wp\/v2\/pages"}],"about":[{"href":"https:\/\/www.omb-automation.com\/index.php?rest_route=\/wp\/v2\/types\/page"}],"author":[{"embeddable":true,"href":"https:\/\/www.omb-automation.com\/index.php?rest_route=\/wp\/v2\/users\/2"}],"replies":[{"embeddable":true,"href":"https:\/\/www.omb-automation.com\/index.php?rest_route=%2Fwp%2Fv2%2Fcomments&post=67"}],"version-history":[{"count":0,"href":"https:\/\/www.omb-automation.com\/index.php?rest_route=\/wp\/v2\/pages\/67\/revisions"}],"up":[{"embeddable":true,"href":"https:\/\/www.omb-automation.com\/index.php?rest_route=\/wp\/v2\/pages\/11"}],"wp:attachment":[{"href":"https:\/\/www.omb-automation.com\/index.php?rest_route=%2Fwp%2Fv2%2Fmedia&parent=67"}],"curies":[{"name":"wp","href":"https:\/\/api.w.org\/{rel}","templated":true}]}}