{"id":6,"date":"2013-04-02T12:23:29","date_gmt":"2013-04-02T12:23:29","guid":{"rendered":"http:\/\/omb-automation.com\/?page_id=5"},"modified":"2013-04-02T12:23:29","modified_gmt":"2013-04-02T12:23:29","slug":"willkommen-bei-omb-automation","status":"publish","type":"page","link":"https:\/\/www.omb-automation.com\/","title":{"rendered":"Willkommen bei OMB Automation"},"content":{"rendered":"<p>\t\t\t\tWir freuen uns, dass sie unsere neue Internet-Pr\u00e4senz besuchen. Als modernes Unternehmen wollen wir Sie gerne auch online mit allen Informationen rund um unsere Angebote versorgen.<\/p>\n<p>Falls Sie unser Unternehmen noch gar nicht kennen und erst im Internet von uns erfahren haben, w\u00fcrden wir uns freuen von Ihnen zu h\u00f6ren. Bitte lassen Sie uns Ihre W\u00fcnsche und Fragen wissen, gerne beraten wir Sie ausf\u00fchrlich.<\/p>\n<p>Unser Unternehmen steht seit vielen Jahren f\u00fcr herausragenden Service im Bereich Automationstechnik, Transferstrassen, Sondermaschinenbau und Robotertechnik. Unsere langj\u00e4hrigen Kunden sch\u00e4tzen an uns besonders unsere Flexibilit\u00e4t und kreativen L\u00f6sungen.\t\t<\/p>\n","protected":false},"excerpt":{"rendered":"<p>Wir freuen uns, dass sie unsere neue Internet-Pr\u00e4senz besuchen. Als modernes Unternehmen wollen wir Sie gerne auch online mit allen Informationen rund um unsere Angebote versorgen. Falls Sie unser Unternehmen noch gar nicht kennen und erst im Internet von uns erfahren haben, w\u00fcrden wir uns freuen von Ihnen zu h\u00f6ren. Bitte lassen Sie uns Ihre [&hellip;]<\/p>\n","protected":false},"author":1,"featured_media":0,"parent":0,"menu_order":0,"comment_status":"open","ping_status":"open","template":"page-templates\/front-page.php","meta":{"footnotes":""},"class_list":["post-6","page","type-page","status-publish","hentry"],"_links":{"self":[{"href":"https:\/\/www.omb-automation.com\/index.php?rest_route=\/wp\/v2\/pages\/6","targetHints":{"allow":["GET"]}}],"collection":[{"href":"https:\/\/www.omb-automation.com\/index.php?rest_route=\/wp\/v2\/pages"}],"about":[{"href":"https:\/\/www.omb-automation.com\/index.php?rest_route=\/wp\/v2\/types\/page"}],"author":[{"embeddable":true,"href":"https:\/\/www.omb-automation.com\/index.php?rest_route=\/wp\/v2\/users\/1"}],"replies":[{"embeddable":true,"href":"https:\/\/www.omb-automation.com\/index.php?rest_route=%2Fwp%2Fv2%2Fcomments&post=6"}],"version-history":[{"count":0,"href":"https:\/\/www.omb-automation.com\/index.php?rest_route=\/wp\/v2\/pages\/6\/revisions"}],"wp:attachment":[{"href":"https:\/\/www.omb-automation.com\/index.php?rest_route=%2Fwp%2Fv2%2Fmedia&parent=6"}],"curies":[{"name":"wp","href":"https:\/\/api.w.org\/{rel}","templated":true}]}}