{"id":15,"date":"2013-04-02T12:26:00","date_gmt":"2013-04-02T12:26:00","guid":{"rendered":"http:\/\/omb-automation.com\/?page_id=15"},"modified":"2013-04-02T12:26:00","modified_gmt":"2013-04-02T12:26:00","slug":"kontakt","status":"publish","type":"page","link":"https:\/\/www.omb-automation.com\/?page_id=15","title":{"rendered":"Kontakt"},"content":{"rendered":"<p>\t\t\t\tWenn wir Ihr Interesse geweckt haben und Sie weitere Informationen \u00fcber unser Unternehmen ben\u00f6tigen:<\/p>\n<h4>B\u00fcro Adresse:<\/h4>\n<table width=\"100%\" border=\"1\">\n<colgroup width=\"50%\" span=\"2\"><\/colgroup>\n<tbody>\n<tr>\n<td valign=\"top\"><strong>Fa. OMB Klaus Oruszczak e.K.<\/strong><br \/>\nDr. Goll-Str. 12<br \/>\n97980 Bad Mergentheim<br \/>\nDeutschland<\/td>\n<td><strong>Telefon: <\/strong>+49 (0)7931 2900<br \/>\n<strong>FAX: <\/strong>+49 (0)7931 45676<br \/>\n<strong>E-mail:<\/strong><br \/>\nInformation &#8211; <a href=\"mailto:info@omb-automation.com\">info@omb-automation.com<\/a><br \/>\nB\u00fcro &#8211; <a href=\"mailto:office@omb-automation.com\">office@omb-automation.com<\/a><\/td>\n<\/tr>\n<\/tbody>\n<\/table>\n","protected":false},"excerpt":{"rendered":"<p>Wenn wir Ihr Interesse geweckt haben und Sie weitere Informationen \u00fcber unser Unternehmen ben\u00f6tigen: B\u00fcro Adresse: Fa. OMB Klaus Oruszczak e.K. Dr. Goll-Str. 12 97980 Bad Mergentheim Deutschland Telefon: +49 (0)7931 2900 FAX: +49 (0)7931 45676 E-mail: Information &#8211; info@omb-automation.com B\u00fcro &#8211; office@omb-automation.com<\/p>\n","protected":false},"author":1,"featured_media":0,"parent":0,"menu_order":6,"comment_status":"open","ping_status":"open","template":"page-templates\/front-page.php","meta":{"footnotes":""},"class_list":["post-15","page","type-page","status-publish","hentry"],"_links":{"self":[{"href":"https:\/\/www.omb-automation.com\/index.php?rest_route=\/wp\/v2\/pages\/15","targetHints":{"allow":["GET"]}}],"collection":[{"href":"https:\/\/www.omb-automation.com\/index.php?rest_route=\/wp\/v2\/pages"}],"about":[{"href":"https:\/\/www.omb-automation.com\/index.php?rest_route=\/wp\/v2\/types\/page"}],"author":[{"embeddable":true,"href":"https:\/\/www.omb-automation.com\/index.php?rest_route=\/wp\/v2\/users\/1"}],"replies":[{"embeddable":true,"href":"https:\/\/www.omb-automation.com\/index.php?rest_route=%2Fwp%2Fv2%2Fcomments&post=15"}],"version-history":[{"count":1,"href":"https:\/\/www.omb-automation.com\/index.php?rest_route=\/wp\/v2\/pages\/15\/revisions"}],"predecessor-version":[{"id":111,"href":"https:\/\/www.omb-automation.com\/index.php?rest_route=\/wp\/v2\/pages\/15\/revisions\/111"}],"wp:attachment":[{"href":"https:\/\/www.omb-automation.com\/index.php?rest_route=%2Fwp%2Fv2%2Fmedia&parent=15"}],"curies":[{"name":"wp","href":"https:\/\/api.w.org\/{rel}","templated":true}]}}