{"id":13,"date":"2013-04-02T12:25:33","date_gmt":"2013-04-02T12:25:33","guid":{"rendered":"http:\/\/omb-automation.com\/?page_id=13"},"modified":"2013-04-02T12:25:33","modified_gmt":"2013-04-02T12:25:33","slug":"referenzen","status":"publish","type":"page","link":"https:\/\/www.omb-automation.com\/?page_id=13","title":{"rendered":"Referenzen"},"content":{"rendered":"\n\t\t\t\t<p>Alle Anlagen wurden bis zur letzten Abnahme und zum Leistungsnachweis gef\u00fchrt<\/p>\n<h4>Brasilien<\/h4>\n<p>Vormontage, Montage und Inbetriebnahme von 2 Montagelinien f\u00fcr PKW- Motoren und entsprechende Verkettung f\u00fcr Hot- und Coldtest<\/p>\n<h4>China<\/h4>\n<p>Inbetriebnahme mehrerer halbautomatischer Silizium-Brick Klebestation<\/p>\n<h4>Deutschland \/Arnstadt<\/h4>\n<p>Fertigung und Montage einer Silizium-Brick Klebestation, inklusive Roboter- und PC Programmierung<\/p>\n<h4>Deutschland \/Braunschweig<\/h4>\n<p>Montage und Inbetriebnahme von zahlreichen Montagelinien in der Automobilindustrie<\/p>\n<h4>Deutschland \/Leverkusen<\/h4>\n<p>Montage, Installation und Inbetriebnahme eines Pufferspeichers, einer Sortieranlage und einer Abpackstation f\u00fcr Infusions- und Injektionsflaschen<\/p>\n<h4>Deutschland \/Neuenstein<\/h4>\n<p>Montage, Installation und Inbetriebnahme einer Doppelkupplungsgetriebe Montagelinie. Inklusive Langzeitbaustellenleitung und Programmierung von 22 ABB Robotern.<\/p>\n<h4>Deutschland \/W\u00fcrzburg<\/h4>\n<p>Programmierung und Inbetriebnahme von 7 ABB Robotern f\u00fcr eine K\u00e4ltemittelverdichter-Montagelinie.<\/p>\n<h4>England \/Coventry<\/h4>\n<p>Optimierung und Taktzeitreduzierung einer Montageanlage zur Herstellung von elektrischen Fensterhebern<\/p>\n<h4>England \/Newcastle<\/h4>\n<p>Montage, Installation, Inbetriebnahme und Optimierung einer Montagelinie zum Einpressen von Gummimetalllagern mit Fanuc Robotern<\/p>\n<h4>England \/Liverpool<\/h4>\n<p>Montage, Installation, Inbetriebnahme und Optimierung zweier PKW-Getriebe-Montagelinie inklusive Programmierung von 4+13 ABB Robotern<\/p>\n<h4>Korea<\/h4>\n<p>Fertigung und Montage von 2 Automatikstationen zum Kleben, Reinigen und Ein- u. Auslagern von Silizium-Bricks und fertig verklebten Losen, inklusive Roboter- und PC Programmierung<\/p>\n<h4>Mexico<\/h4>\n<p>Versetzen und Neuinbetriebnahme einer Anlage zum Bearbeiten von Kurbelwellen, inklusive Verkettung<\/p>\n<h4>Mexico \/Queretaro<\/h4>\n<p>Montage, Installation, Inbetriebnahme und Optimierung von mehreren Doppelkupplungsgetriebe Vormontagen und Komponentenpr\u00fcfst\u00e4nden (u.a. Kupplung, Mechatronic) inklusive Programmierung von 5 ABB Robotern<\/p>\n<h4>Norwegen<\/h4>\n<p>Fertigung und Montage einer Silizium-Brick Klebestation und einer Schleif- und S\u00e4gestation mit vollautomatischer Roboter Be- u. Entladung, inklusive Roboter- und PC Programmierung<\/p>\n<h4>\u00d6sterreich<\/h4>\n<p>Montage und Inbetriebnahme von 2 Montagelinien zur Herstellung von Kabels\u00e4tzen<\/p>\n<h4>Russland<\/h4>\n<p>Montage und Inbetriebnahme einer Anlage zum Bearbeiten und Montieren von Differenzialgeh\u00e4usen<\/p>\n<h4>Schweiz<\/h4>\n<p>Montage, Verrohrung und Inbetriebnahme einer Hydraulikanlage<\/p>\n<h4>Schweiz<\/h4>\n<p>Fertigung und Montage von einer Roboterstation zum L\u00f6ten von Solarmodulen mit 4 Robotern und integrierter Qualit\u00e4tskontrolle mittels Kamerasystem, inklusive Roboter- und Kamerasystemprogrammierung<\/p>\n<h4>Slowakei<\/h4>\n<p>Komplettmontage einer Montagelinie zur Herstellung von Radtr\u00e4gern und Schwenklagern<\/p>\n<h4>Slowakei \/Kechnec<\/h4>\n<p>Montage und Inbetriebnahme von 2 Doppelkupplungsgetriebe-Montagelinien mit Robotertechnik. Inklusive Programmierung von 2 kollaborierenden Robotern zur Pr\u00fcfung des gesteckten Kabelbaums<\/p>\n<h4>S\u00fcdafrika<\/h4>\n<p>Fertigung und Montage von einer Roboterstation zum L\u00f6ten von Solarmodulen mit 4 Robotern, inklusive Roboterprogrammierung<\/p>\n<h4>Vereinigte Staaten \/Detroit<\/h4>\n<p>Montage und Inbetriebnahme von mehreren Montagelinien mit Robotertechnik f\u00fcr die Zylinderkopfmontage<\/p>\n<h4>Vereinigte Staaten \/Sunnyvale CA<\/h4>\n<p>Fertigung und Montage einer Silizium-Brick Schleif-, S\u00e4ge- und Klebestation mit vollautomatischer Roboter Be- u. Entladung, inklusive Roboter- und PC Programmierung<\/p>\n<h4>Wales<\/h4>\n<p>Montage und Inbetriebnahme von 2 Montagelinien mit Robotertechnik zur Montage von Differential- und Verteilergetrieben<\/p>\n\n\n<p><\/p>\n\t\t","protected":false},"excerpt":{"rendered":"<p>Alle Anlagen wurden bis zur letzten Abnahme und zum Leistungsnachweis gef\u00fchrt Brasilien Vormontage, Montage und Inbetriebnahme von 2 Montagelinien f\u00fcr PKW- Motoren und entsprechende Verkettung f\u00fcr Hot- und Coldtest China Inbetriebnahme mehrerer halbautomatischer Silizium-Brick Klebestation Deutschland \/Arnstadt Fertigung und Montage einer Silizium-Brick Klebestation, inklusive Roboter- und PC Programmierung Deutschland \/Braunschweig Montage und Inbetriebnahme von zahlreichen [&hellip;]<\/p>\n","protected":false},"author":1,"featured_media":0,"parent":0,"menu_order":5,"comment_status":"open","ping_status":"open","template":"page-templates\/front-page.php","meta":{"footnotes":""},"class_list":["post-13","page","type-page","status-publish","hentry"],"_links":{"self":[{"href":"https:\/\/www.omb-automation.com\/index.php?rest_route=\/wp\/v2\/pages\/13","targetHints":{"allow":["GET"]}}],"collection":[{"href":"https:\/\/www.omb-automation.com\/index.php?rest_route=\/wp\/v2\/pages"}],"about":[{"href":"https:\/\/www.omb-automation.com\/index.php?rest_route=\/wp\/v2\/types\/page"}],"author":[{"embeddable":true,"href":"https:\/\/www.omb-automation.com\/index.php?rest_route=\/wp\/v2\/users\/1"}],"replies":[{"embeddable":true,"href":"https:\/\/www.omb-automation.com\/index.php?rest_route=%2Fwp%2Fv2%2Fcomments&post=13"}],"version-history":[{"count":0,"href":"https:\/\/www.omb-automation.com\/index.php?rest_route=\/wp\/v2\/pages\/13\/revisions"}],"wp:attachment":[{"href":"https:\/\/www.omb-automation.com\/index.php?rest_route=%2Fwp%2Fv2%2Fmedia&parent=13"}],"curies":[{"name":"wp","href":"https:\/\/api.w.org\/{rel}","templated":true}]}}